{"id":2881,"date":"2024-02-07T14:47:05","date_gmt":"2024-02-07T14:47:05","guid":{"rendered":"https:\/\/stagemassagem-sensual.pelicanbay.pt\/carina\/"},"modified":"2025-12-06T00:02:41","modified_gmt":"2025-12-06T00:02:41","slug":"carina","status":"publish","type":"page","link":"https:\/\/massagem-sensual.com\/en\/massage-therapists\/women\/carina\/","title":{"rendered":"Therapist Carina"},"content":{"rendered":"\t\t<div data-elementor-type=\"wp-page\" data-elementor-id=\"2881\" class=\"elementor elementor-2881 elementor-1528\" data-elementor-post-type=\"page\">\n\t\t\t\t<div data-particle_enable=\"false\" data-particle-mobile-disabled=\"false\" class=\"elementor-element elementor-element-049dc63 e-flex e-con-boxed elementor-invisible e-con e-parent\" data-id=\"049dc63\" data-element_type=\"container\" data-e-type=\"container\" data-settings=\"{&quot;background_background&quot;:&quot;classic&quot;,&quot;animation&quot;:&quot;fadeInUp&quot;}\">\n\t\t\t\t\t<div class=\"e-con-inner\">\n\t\t\t\t<div class=\"elementor-element elementor-element-6332d0f elementor-widget__width-inherit elementor-widget-mobile__width-initial elementor-widget elementor-widget-text-editor\" data-id=\"6332d0f\" data-element_type=\"widget\" data-e-type=\"widget\" data-widget_type=\"text-editor.default\">\n\t\t\t\t<div class=\"elementor-widget-container\">\n\t\t\t\t\t\t\t\t\t<p>Brazil || 26 years old || 1.50m<\/p>\n\t\t\t\t\t\t\t\t<\/div>\n\t\t\t\t<\/div>\n\t\t\t\t<div class=\"elementor-element elementor-element-fde3cdd elementor-widget__width-inherit elementor-widget elementor-widget-shortcode\" data-id=\"fde3cdd\" data-element_type=\"widget\" data-e-type=\"widget\" data-widget_type=\"shortcode.default\">\n\t\t\t\t<div class=\"elementor-widget-container\">\n\t\t\t\t\t\t\t<div class=\"elementor-shortcode\"><!-- Final Tiles Grid Gallery for WordPress v3.6.13 free --><style>#ftg-22 .tile .icon { color:#000000; }#ftg-22 .ftg-items .loading-bar i { background:#000000; }#ftg-22 .ftg-items .loading-bar { background:#000000; }#ftg-22 .tile .icon { font-size:50px; }#ftg-22 .tile .icon { margin: -25px 0 0 -25px; }#ftg-22 .tile .caption-block .text-wrapper span.text { font-size:20px; }#ftg-22 .tile .caption-outside .text-wrapper span.text { font-size:20px; }#ftg-22 .tile .caption-block .text-wrapper span.title { font-size:20px; }#ftg-22 .tile .caption-outside .text-wrapper span.title { font-size:20px; }#ftg-22 .tile { background-color: #dd3333; }#ftg-22 .tile .caption-block .text-wrapper span.text { color: #000000; }#ftg-22 .tile .caption-block .text-wrapper span.title { color: #000000; }#ftg-22 .tile .caption-outside .text-wrapper span.text { color: #000000; }#ftg-22 .tile .caption-outside .text-wrapper span.title { color: #000000; }#ftg-22 .tile .ftg-social a { color: #000000; }#ftg-22 .tile { box-shadow: #d6ba6d 0px 0px 10px; }#ftg-22 .tile .caption-block { transition-timing-function:ease; }#ftg-22 .tile .caption-block { transition-duration:0.25s; }#ftg-22 .tile .tile-inner:before { background-color: #000000; }#ftg-22 .tile .tile-inner:before { background-color: rgba(0, 0, 0, 0.8); }#ftg-22 .tile:hover img {-moz-transform: -moz-rotate(0deg) -moz-scale(0) ;-webkit-transform: -webkit-rotate(0deg) -webkit-scale(0) ;-o-transform: -o-rotate(0deg) -o-scale(0) ;-ms-transform: -ms-rotate(0deg) -ms-scale(0) ;transform: rotate(0deg) scale(0) ;}<\/style><a name=\"2\"><\/a><div class=\"final-tiles-gallery  ftg-hover-enabled caption-outside  caption-none caption-middle caption-center\" id=\"ftg-22\" style=\"width: 100%\"><div class='ftg-items'><div class='loading-bar'><i><\/i><\/div><div  class='tile ftg-preload  '><a title=\"\" data-lightbox='ftg-22' rel='ftg-22'  class=' tile-inner  ftg-lightbox' href='https:\/\/massagem-sensual.com\/wp-content\/uploads\/2026\/02\/Carina-2-684x1024.jpg' ><img alt='Mulher morena envolta em tecido castanho, com pintura de Buda ao fundo.' class='item skip-lazy' data-class='item' data-ftg-source='https:\/\/massagem-sensual.com\/wp-content\/uploads\/2026\/02\/Carina-2-684x1024.jpg' src='https:\/\/massagem-sensual.com\/wp-content\/uploads\/2026\/02\/Carina-2-684x1024.jpg' width='684' height='1024' \/><\/a><div class='ftg-social'><\/div><\/div><div  class='tile ftg-preload  '><a title=\"\" data-lightbox='ftg-22' rel='ftg-22'  class=' tile-inner  ftg-lightbox' href='https:\/\/massagem-sensual.com\/wp-content\/uploads\/2026\/02\/Carina-1-682x1024.jpg' ><img alt='Carina massagista Wayang' class='item skip-lazy' data-class='item' data-ftg-source='https:\/\/massagem-sensual.com\/wp-content\/uploads\/2026\/02\/Carina-1-682x1024.jpg' src='https:\/\/massagem-sensual.com\/wp-content\/uploads\/2026\/02\/Carina-1-682x1024.jpg' width='682' height='1024' \/><\/a><div class='ftg-social'><\/div><\/div><div  class='tile ftg-preload  '><a title=\"\" data-lightbox='ftg-22' rel='ftg-22'  class=' tile-inner  ftg-lightbox' href='https:\/\/massagem-sensual.com\/wp-content\/uploads\/2026\/02\/Carina-6-688x1024.jpg' ><img alt='Mulher elegante em vestido vermelho com l\u00e1bios vermelhos e brincos brancos.' class='item skip-lazy' data-class='item' data-ftg-source='https:\/\/massagem-sensual.com\/wp-content\/uploads\/2026\/02\/Carina-6-688x1024.jpg' src='https:\/\/massagem-sensual.com\/wp-content\/uploads\/2026\/02\/Carina-6-688x1024.jpg' width='688' height='1024' \/><\/a><div class='ftg-social'><\/div><\/div><div  class='tile ftg-preload  '><a title=\"\" data-lightbox='ftg-22' rel='ftg-22'  class=' tile-inner  ftg-lightbox' href='https:\/\/massagem-sensual.com\/wp-content\/uploads\/2026\/02\/Carina-3-1024x733.jpg' ><img alt='mulher em ligerie vermelha deitada' class='item skip-lazy' data-class='item' data-ftg-source='https:\/\/massagem-sensual.com\/wp-content\/uploads\/2026\/02\/Carina-3-1024x733.jpg' src='https:\/\/massagem-sensual.com\/wp-content\/uploads\/2026\/02\/Carina-3-1024x733.jpg' width='800' height='573' \/><\/a><div class='ftg-social'><\/div><\/div><div  class='tile ftg-preload  '><a title=\"\" data-lightbox='ftg-22' rel='ftg-22'  class=' tile-inner  ftg-lightbox' href='https:\/\/massagem-sensual.com\/wp-content\/uploads\/2026\/02\/Carina-4-682x1024.jpg' ><img alt='Mulher sorridente em vestido vermelho, posando sob uma porta de madeira ornamentada.' class='item skip-lazy' data-class='item' data-ftg-source='https:\/\/massagem-sensual.com\/wp-content\/uploads\/2026\/02\/Carina-4-682x1024.jpg' src='https:\/\/massagem-sensual.com\/wp-content\/uploads\/2026\/02\/Carina-4-682x1024.jpg' width='682' height='1024' \/><\/a><div class='ftg-social'><\/div><\/div><div  class='tile ftg-preload  '><a title=\"\" data-lightbox='ftg-22' rel='ftg-22'  class=' tile-inner  ftg-lightbox' href='https:\/\/massagem-sensual.com\/wp-content\/uploads\/2026\/02\/Carina-10-686x1024.jpg' ><img alt='Carina em lingerie vermelha brilhante deitada em len\u00e7\u00f3is pretos.' class='item skip-lazy' data-class='item' data-ftg-source='https:\/\/massagem-sensual.com\/wp-content\/uploads\/2026\/02\/Carina-10-686x1024.jpg' src='https:\/\/massagem-sensual.com\/wp-content\/uploads\/2026\/02\/Carina-10-686x1024.jpg' width='686' height='1024' \/><\/a><div class='ftg-social'><\/div><\/div><div  class='tile ftg-preload  '><a title=\"\" data-lightbox='ftg-22' rel='ftg-22'  class=' tile-inner  ftg-lightbox' href='https:\/\/massagem-sensual.com\/wp-content\/uploads\/2026\/02\/Carina-7-687x1024.jpg' ><img alt='Mulher elegante com vestido castanho posando num ambiente com ilumina\u00e7\u00e3o dram\u00e1tica.' class='item skip-lazy' data-class='item' data-ftg-source='https:\/\/massagem-sensual.com\/wp-content\/uploads\/2026\/02\/Carina-7-687x1024.jpg' src='https:\/\/massagem-sensual.com\/wp-content\/uploads\/2026\/02\/Carina-7-687x1024.jpg' width='687' height='1024' \/><\/a><div class='ftg-social'><\/div><\/div><div  class='tile ftg-preload  '><a title=\"\" data-lightbox='ftg-22' rel='ftg-22'  class=' tile-inner  ftg-lightbox' href='https:\/\/massagem-sensual.com\/wp-content\/uploads\/2026\/02\/Carina-9-690x1024.jpg' ><img alt='Carina em robe castanho, joelhos dobrados, olhar fixo.' class='item skip-lazy' data-class='item' data-ftg-source='https:\/\/massagem-sensual.com\/wp-content\/uploads\/2026\/02\/Carina-9-690x1024.jpg' src='https:\/\/massagem-sensual.com\/wp-content\/uploads\/2026\/02\/Carina-9-690x1024.jpg' width='690' height='1024' \/><\/a><div class='ftg-social'><\/div><\/div><div  class='tile ftg-preload  '><a title=\"\" data-lightbox='ftg-22' rel='ftg-22'  class=' tile-inner  ftg-lightbox' href='https:\/\/massagem-sensual.com\/wp-content\/uploads\/2026\/02\/Carina-5-679x1024.jpg' ><img alt='mulher em lingerie vermelha de joelhos num spa balin\u00eas' class='item skip-lazy' data-class='item' data-ftg-source='https:\/\/massagem-sensual.com\/wp-content\/uploads\/2026\/02\/Carina-5-679x1024.jpg' src='https:\/\/massagem-sensual.com\/wp-content\/uploads\/2026\/02\/Carina-5-679x1024.jpg' width='679' height='1024' \/><\/a><div class='ftg-social'><\/div><\/div><div  class='tile ftg-preload  '><a title=\"\" data-lightbox='ftg-22' rel='ftg-22'  class=' tile-inner  ftg-lightbox' href='https:\/\/massagem-sensual.com\/wp-content\/uploads\/2026\/02\/Carina-8-679x1024.jpg' ><img alt='Carina de vestido vermelho, com cabelo ondulado e batom vermelho, a olhar por cima do ombro.' class='item skip-lazy' data-class='item' data-ftg-source='https:\/\/massagem-sensual.com\/wp-content\/uploads\/2026\/02\/Carina-8-679x1024.jpg' src='https:\/\/massagem-sensual.com\/wp-content\/uploads\/2026\/02\/Carina-8-679x1024.jpg' width='679' height='1024' \/><\/a><div class='ftg-social'><\/div><\/div><\/div><\/div><\/div>\n\t\t\t\t\t\t<\/div>\n\t\t\t\t<\/div>\n\t\t\t\t<div class=\"elementor-element elementor-element-df33fec elementor-align-left elementor-widget-mobile__width-initial elementor-widget elementor-widget-button\" data-id=\"df33fec\" data-element_type=\"widget\" data-e-type=\"widget\" data-widget_type=\"button.default\">\n\t\t\t\t<div class=\"elementor-widget-container\">\n\t\t\t\t\t\t\t\t\t<div class=\"elementor-button-wrapper\">\n\t\t\t\t\t<a class=\"elementor-button elementor-button-link elementor-size-sm elementor-animation-float\" href=\"https:\/\/massagem-sensual.com\/en\/massage-therapists\/women\/\">\n\t\t\t\t\t\t<span class=\"elementor-button-content-wrapper\">\n\t\t\t\t\t\t\t\t\t<span class=\"elementor-button-text\">see other therapists<\/span>\n\t\t\t\t\t<\/span>\n\t\t\t\t\t<\/a>\n\t\t\t\t<\/div>\n\t\t\t\t\t\t\t\t<\/div>\n\t\t\t\t<\/div>\n\t\t\t\t\t<\/div>\n\t\t\t\t<\/div>\n\t\t<div data-particle_enable=\"false\" data-particle-mobile-disabled=\"false\" class=\"elementor-element elementor-element-0a30333 e-flex e-con-boxed e-con e-parent\" data-id=\"0a30333\" data-element_type=\"container\" data-e-type=\"container\">\n\t\t\t\t\t<div class=\"e-con-inner\">\n\t\t\t\t<div class=\"elementor-element elementor-element-3ce7baf elementor-widget elementor-widget-text-editor\" data-id=\"3ce7baf\" data-element_type=\"widget\" data-e-type=\"widget\" data-widget_type=\"text-editor.default\">\n\t\t\t\t<div class=\"elementor-widget-container\">\n\t\t\t\t\t\t\t\t\t<p>Carina, a massage therapist at the Wayang Center, presents herself as a friendly, fun and intelligent professional, passionate about discovering new places, creating meaningful memories and engaging in deep, inspiring conversations. Originally from Brazil and always wearing a warm smile, she loves cooking, reading, watching series and enjoying outdoor moments \u2014 interests that reflect her light and welcoming energy inside this spa massage in Lisbon.<\/p><p>In her work, Carina feels happy, confident and fulfilled. She has her own distinctive style, combining relaxation techniques with body-to-body touch, always delivered with sensitivity and presence. Passionate about sensual massage, tantric massage and erotic massage, she creates deep, immersive and well-crafted experiences designed to enhance the well-being of each guest.<\/p><p>Carina genuinely loves what she does, and it shows in every touch. Her sessions balance tranquillity, connection and sensory pleasure. She is available for appointments during any opening hours of the Wayang Center, always ready to welcome those seeking a unique massage and meaningful connection.<\/p>\t\t\t\t\t\t\t\t<\/div>\n\t\t\t\t<\/div>\n\t\t\t\t\t<\/div>\n\t\t\t\t<\/div>\n\t\t\t\t<\/div>\n\t\t","protected":false},"excerpt":{"rendered":"<p>Brazil || 26 years old || 1.50m see other therapists Carina, a massage therapist at the Wayang Center, presents herself as a friendly, fun and intelligent professional, passionate about discovering new places, creating meaningful memories and engaging in deep, inspiring conversations. Originally from Brazil and always wearing a warm smile, she loves cooking, reading, watching [&hellip;]<\/p>\n","protected":false},"author":1,"featured_media":0,"parent":2892,"menu_order":0,"comment_status":"closed","ping_status":"closed","template":"","meta":{"iawp_total_views":2418,"footnotes":""},"class_list":["post-2881","page","type-page","status-publish","hentry"],"yoast_head":"<!-- This site is optimized with the Yoast SEO plugin v27.4 - https:\/\/yoast.com\/product\/yoast-seo-wordpress\/ -->\n<title>Carina | Wayang Center Lisbon | Erotic &amp; Tantric Massage<\/title>\n<meta name=\"description\" content=\"Carina offers refined sensual massage, tantric massage and erotic massage experience. Discover our professional spa massage services in Lisbon\" \/>\n<meta name=\"robots\" content=\"index, follow, max-snippet:-1, max-image-preview:large, max-video-preview:-1\" \/>\n<link rel=\"canonical\" href=\"https:\/\/massagem-sensual.com\/en\/massage-therapists\/women\/carina\/\" \/>\n<meta property=\"og:locale\" content=\"en_US\" \/>\n<meta property=\"og:type\" content=\"article\" \/>\n<meta property=\"og:title\" content=\"Carina | Wayang Center Lisbon | Erotic &amp; Tantric Massage\" \/>\n<meta property=\"og:description\" content=\"Carina offers refined sensual massage, tantric massage and erotic massage experience. Discover our professional spa massage services in Lisbon\" \/>\n<meta property=\"og:url\" content=\"https:\/\/massagem-sensual.com\/en\/massage-therapists\/women\/carina\/\" \/>\n<meta property=\"og:site_name\" content=\"Wayang Center Lisboa | Erotic &amp; Tantric Massage in Lisbon\" \/>\n<meta property=\"article:modified_time\" content=\"2025-12-06T00:02:41+00:00\" \/>\n<meta name=\"twitter:card\" content=\"summary_large_image\" \/>\n<meta name=\"twitter:label1\" content=\"Est. reading time\" \/>\n\t<meta name=\"twitter:data1\" content=\"1 minute\" \/>\n<script type=\"application\/ld+json\" class=\"yoast-schema-graph\">{\"@context\":\"https:\\\/\\\/schema.org\",\"@graph\":[{\"@type\":\"WebPage\",\"@id\":\"https:\\\/\\\/massagem-sensual.com\\\/en\\\/massage-therapists\\\/women\\\/carina\\\/\",\"url\":\"https:\\\/\\\/massagem-sensual.com\\\/en\\\/massage-therapists\\\/women\\\/carina\\\/\",\"name\":\"Carina | Wayang Center Lisbon | Erotic & Tantric Massage\",\"isPartOf\":{\"@id\":\"https:\\\/\\\/massagem-sensual.com\\\/#website\"},\"datePublished\":\"2024-02-07T14:47:05+00:00\",\"dateModified\":\"2025-12-06T00:02:41+00:00\",\"description\":\"Carina offers refined sensual massage, tantric massage and erotic massage experience. Discover our professional spa massage services in Lisbon\",\"breadcrumb\":{\"@id\":\"https:\\\/\\\/massagem-sensual.com\\\/en\\\/massage-therapists\\\/women\\\/carina\\\/#breadcrumb\"},\"inLanguage\":\"en-US\",\"potentialAction\":[{\"@type\":\"ReadAction\",\"target\":[\"https:\\\/\\\/massagem-sensual.com\\\/en\\\/massage-therapists\\\/women\\\/carina\\\/\"]}]},{\"@type\":\"BreadcrumbList\",\"@id\":\"https:\\\/\\\/massagem-sensual.com\\\/en\\\/massage-therapists\\\/women\\\/carina\\\/#breadcrumb\",\"itemListElement\":[{\"@type\":\"ListItem\",\"position\":1,\"name\":\"In\u00edcio\",\"item\":\"https:\\\/\\\/massagem-sensual.com\\\/en\\\/\"},{\"@type\":\"ListItem\",\"position\":2,\"name\":\"Therapists\",\"item\":\"https:\\\/\\\/massagem-sensual.com\\\/en\\\/massage-therapists\\\/\"},{\"@type\":\"ListItem\",\"position\":3,\"name\":\"Women\",\"item\":\"https:\\\/\\\/massagem-sensual.com\\\/en\\\/massage-therapists\\\/women\\\/\"},{\"@type\":\"ListItem\",\"position\":4,\"name\":\"Therapist Carina\"}]},{\"@type\":\"WebSite\",\"@id\":\"https:\\\/\\\/massagem-sensual.com\\\/#website\",\"url\":\"https:\\\/\\\/massagem-sensual.com\\\/\",\"name\":\"Wayang Center Lisboa | Erotic & Tantric Massage in Lisbon\",\"description\":\"Erotic and Tantric Massage spa in Lisbon\",\"publisher\":{\"@id\":\"https:\\\/\\\/massagem-sensual.com\\\/#organization\"},\"alternateName\":\"Wayang Center Lisboa\",\"potentialAction\":[{\"@type\":\"SearchAction\",\"target\":{\"@type\":\"EntryPoint\",\"urlTemplate\":\"https:\\\/\\\/massagem-sensual.com\\\/?s={search_term_string}\"},\"query-input\":{\"@type\":\"PropertyValueSpecification\",\"valueRequired\":true,\"valueName\":\"search_term_string\"}}],\"inLanguage\":\"en-US\"},{\"@type\":\"Organization\",\"@id\":\"https:\\\/\\\/massagem-sensual.com\\\/#organization\",\"name\":\"Wayang Center Lisboa | Erotic & Tantric Massage in Lisbon\",\"alternateName\":\"Wayang Center Lisboa\",\"url\":\"https:\\\/\\\/massagem-sensual.com\\\/\",\"logo\":{\"@type\":\"ImageObject\",\"inLanguage\":\"en-US\",\"@id\":\"https:\\\/\\\/massagem-sensual.com\\\/#\\\/schema\\\/logo\\\/image\\\/\",\"url\":\"https:\\\/\\\/massagem-sensual.com\\\/wp-content\\\/uploads\\\/2024\\\/02\\\/wayang-bersama-de-casal.png\",\"contentUrl\":\"https:\\\/\\\/massagem-sensual.com\\\/wp-content\\\/uploads\\\/2024\\\/02\\\/wayang-bersama-de-casal.png\",\"width\":400,\"height\":300,\"caption\":\"Wayang Center Lisboa | Erotic & Tantric Massage in Lisbon\"},\"image\":{\"@id\":\"https:\\\/\\\/massagem-sensual.com\\\/#\\\/schema\\\/logo\\\/image\\\/\"}}]}<\/script>\n<!-- \/ Yoast SEO plugin. -->","yoast_head_json":{"title":"Carina | Wayang Center Lisbon | Erotic & Tantric Massage","description":"Carina offers refined sensual massage, tantric massage and erotic massage experience. Discover our professional spa massage services in Lisbon","robots":{"index":"index","follow":"follow","max-snippet":"max-snippet:-1","max-image-preview":"max-image-preview:large","max-video-preview":"max-video-preview:-1"},"canonical":"https:\/\/massagem-sensual.com\/en\/massage-therapists\/women\/carina\/","og_locale":"en_US","og_type":"article","og_title":"Carina | Wayang Center Lisbon | Erotic & Tantric Massage","og_description":"Carina offers refined sensual massage, tantric massage and erotic massage experience. Discover our professional spa massage services in Lisbon","og_url":"https:\/\/massagem-sensual.com\/en\/massage-therapists\/women\/carina\/","og_site_name":"Wayang Center Lisboa | Erotic &amp; Tantric Massage in Lisbon","article_modified_time":"2025-12-06T00:02:41+00:00","twitter_card":"summary_large_image","twitter_misc":{"Est. reading time":"1 minute"},"schema":{"@context":"https:\/\/schema.org","@graph":[{"@type":"WebPage","@id":"https:\/\/massagem-sensual.com\/en\/massage-therapists\/women\/carina\/","url":"https:\/\/massagem-sensual.com\/en\/massage-therapists\/women\/carina\/","name":"Carina | Wayang Center Lisbon | Erotic & Tantric Massage","isPartOf":{"@id":"https:\/\/massagem-sensual.com\/#website"},"datePublished":"2024-02-07T14:47:05+00:00","dateModified":"2025-12-06T00:02:41+00:00","description":"Carina offers refined sensual massage, tantric massage and erotic massage experience. Discover our professional spa massage services in Lisbon","breadcrumb":{"@id":"https:\/\/massagem-sensual.com\/en\/massage-therapists\/women\/carina\/#breadcrumb"},"inLanguage":"en-US","potentialAction":[{"@type":"ReadAction","target":["https:\/\/massagem-sensual.com\/en\/massage-therapists\/women\/carina\/"]}]},{"@type":"BreadcrumbList","@id":"https:\/\/massagem-sensual.com\/en\/massage-therapists\/women\/carina\/#breadcrumb","itemListElement":[{"@type":"ListItem","position":1,"name":"In\u00edcio","item":"https:\/\/massagem-sensual.com\/en\/"},{"@type":"ListItem","position":2,"name":"Therapists","item":"https:\/\/massagem-sensual.com\/en\/massage-therapists\/"},{"@type":"ListItem","position":3,"name":"Women","item":"https:\/\/massagem-sensual.com\/en\/massage-therapists\/women\/"},{"@type":"ListItem","position":4,"name":"Therapist Carina"}]},{"@type":"WebSite","@id":"https:\/\/massagem-sensual.com\/#website","url":"https:\/\/massagem-sensual.com\/","name":"Wayang Center Lisboa | Erotic & Tantric Massage in Lisbon","description":"Erotic and Tantric Massage spa in Lisbon","publisher":{"@id":"https:\/\/massagem-sensual.com\/#organization"},"alternateName":"Wayang Center Lisboa","potentialAction":[{"@type":"SearchAction","target":{"@type":"EntryPoint","urlTemplate":"https:\/\/massagem-sensual.com\/?s={search_term_string}"},"query-input":{"@type":"PropertyValueSpecification","valueRequired":true,"valueName":"search_term_string"}}],"inLanguage":"en-US"},{"@type":"Organization","@id":"https:\/\/massagem-sensual.com\/#organization","name":"Wayang Center Lisboa | Erotic & Tantric Massage in Lisbon","alternateName":"Wayang Center Lisboa","url":"https:\/\/massagem-sensual.com\/","logo":{"@type":"ImageObject","inLanguage":"en-US","@id":"https:\/\/massagem-sensual.com\/#\/schema\/logo\/image\/","url":"https:\/\/massagem-sensual.com\/wp-content\/uploads\/2024\/02\/wayang-bersama-de-casal.png","contentUrl":"https:\/\/massagem-sensual.com\/wp-content\/uploads\/2024\/02\/wayang-bersama-de-casal.png","width":400,"height":300,"caption":"Wayang Center Lisboa | Erotic & Tantric Massage in Lisbon"},"image":{"@id":"https:\/\/massagem-sensual.com\/#\/schema\/logo\/image\/"}}]}},"_links":{"self":[{"href":"https:\/\/massagem-sensual.com\/en\/wp-json\/wp\/v2\/pages\/2881","targetHints":{"allow":["GET"]}}],"collection":[{"href":"https:\/\/massagem-sensual.com\/en\/wp-json\/wp\/v2\/pages"}],"about":[{"href":"https:\/\/massagem-sensual.com\/en\/wp-json\/wp\/v2\/types\/page"}],"author":[{"embeddable":true,"href":"https:\/\/massagem-sensual.com\/en\/wp-json\/wp\/v2\/users\/1"}],"replies":[{"embeddable":true,"href":"https:\/\/massagem-sensual.com\/en\/wp-json\/wp\/v2\/comments?post=2881"}],"version-history":[{"count":0,"href":"https:\/\/massagem-sensual.com\/en\/wp-json\/wp\/v2\/pages\/2881\/revisions"}],"up":[{"embeddable":true,"href":"https:\/\/massagem-sensual.com\/en\/wp-json\/wp\/v2\/pages\/2892"}],"wp:attachment":[{"href":"https:\/\/massagem-sensual.com\/en\/wp-json\/wp\/v2\/media?parent=2881"}],"curies":[{"name":"wp","href":"https:\/\/api.w.org\/{rel}","templated":true}]}}